{"id":8096,"date":"2022-05-25T12:02:48","date_gmt":"2022-05-25T10:02:48","guid":{"rendered":"http:\/\/dev.astrologie.de\/startseite\/"},"modified":"2022-05-25T12:02:48","modified_gmt":"2022-05-25T10:02:48","slug":"startseite","status":"publish","type":"page","link":"http:\/\/dev.astrologie.de\/en\/","title":{"rendered":"Startseite"},"content":{"rendered":"<div id='layer_slider_1'  class='avia-layerslider main_color avia-shadow  avia-builder-el-0  el_before_av_section  avia-builder-el-first  container_wrap sidebar_right'  style='height: 471px;'  ><\/div>\n<div id='av_section_1'  class='avia-section av-6mspe-cef4a3f2ab8931ba7e9ce66f1071408c main_color avia-section-default avia-no-border-styling  avia-builder-el-1  el_after_av_layerslider  el_before_av_section  avia-bg-style-scroll container_wrap sidebar_right'  ><div class='container av-section-cont-open' ><div class='template-page content  av-content-small alpha units'><div class='post-entry post-entry-type-page post-entry-8096'><div class='entry-content-wrapper clearfix'>\n\n<style type=\"text\/css\" data-created_by=\"avia_inline_auto\" id=\"style-css-av-kze1xlw7-d25a317f40b5a02f590d8a1e30affb27\">\n#top .av-special-heading.av-kze1xlw7-d25a317f40b5a02f590d8a1e30affb27{\npadding-bottom:10px;\n}\nbody .av-special-heading.av-kze1xlw7-d25a317f40b5a02f590d8a1e30affb27 .av-special-heading-tag .heading-char{\nfont-size:25px;\n}\n.av-special-heading.av-kze1xlw7-d25a317f40b5a02f590d8a1e30affb27 .av-subheading{\nfont-size:15px;\n}\n<\/style>\n<div  class='av-special-heading av-kze1xlw7-d25a317f40b5a02f590d8a1e30affb27 av-special-heading-h2 blockquote modern-quote modern-centered  avia-builder-el-2  el_before_av_postslider  avia-builder-el-first '><h2 class='av-special-heading-tag '  itemprop=\"headline\"  >Neues von Dr. Christof Niederwieser<\/h2><div class=\"special-heading-border\"><div class=\"special-heading-inner-border\"><\/div><\/div><\/div>\n<div  data-slideshow-options=\"{&quot;animation&quot;:&quot;fade&quot;,&quot;autoplay&quot;:false,&quot;loop_autoplay&quot;:&quot;once&quot;,&quot;interval&quot;:&quot;5&quot;,&quot;loop_manual&quot;:&quot;manual-endless&quot;,&quot;autoplay_stopper&quot;:false,&quot;noNavigation&quot;:false,&quot;show_slide_delay&quot;:90}\" class='avia-content-slider avia-content-slider-active avia-content-slider1 avia-content-slider-odd  avia-builder-el-3  el_after_av_heading  avia-builder-el-last  av-slideshow-ui av-control-default   av-no-slider-navigation av-slideshow-manual av-loop-once av-loop-manual-endless '  itemscope=\"itemscope\" itemtype=\"https:\/\/schema.org\/Blog\" ><div class=\"avia-content-slider-inner\"><div class=\"slide-entry-wrap\"><article class='slide-entry flex_column  post-entry post-entry-6923 slide-entry-overview slide-loop-1 slide-parity-odd  av_one_third first real-thumbnail posttype-post post-format-standard'  itemscope=\"itemscope\" itemtype=\"https:\/\/schema.org\/CreativeWork\" ><a href='http:\/\/dev.astrologie.de\/en\/the-history-of-ancient-astrology\/' data-rel='slide-1' class='slide-image' title='The History of Ancient Astrology'><img decoding=\"async\" fetchpriority=\"high\" width=\"768\" height=\"220\" src=\"http:\/\/dev.astrologie.de\/wp-content\/uploads\/2022\/02\/Astrologie_Babylon-1500x430.jpg\" class=\"wp-image-6723 avia-img-lazy-loading-not-6723 attachment-featured size-featured wp-post-image\" alt=\"Astrologie in Babylon\" \/><\/a><div class=\"slide-content\"><header class=\"entry-content-header\" aria-label=\"Slide: The History of Ancient Astrology\"><h3 class='slide-entry-title entry-title '  itemprop=\"headline\" ><a href='http:\/\/dev.astrologie.de\/en\/the-history-of-ancient-astrology\/' title='The History of Ancient Astrology'>The History of Ancient Astrology<\/a><\/h3><span class=\"av-vertical-delimiter\"><\/span><\/header><div class=\"slide-meta\"><time class='slide-meta-time updated'  itemprop=\"datePublished\" datetime=\"2022-02-13T18:46:57+01:00\" >13. February 2022<\/time><\/div><div class='slide-entry-excerpt entry-content'  itemprop=\"text\" >Since time immemorial, man has looked up to the sky. When the daily hustle and bustle slowly comes to rest at dusk and the sun disappears on the horizon, the eternal order of the stars appears in the firmament.\u2026<div class=\"read-more-link\"><a href=\"http:\/\/dev.astrologie.de\/en\/the-history-of-ancient-astrology\/\" class=\"more-link\">Read more<span class='more-link-arrow avia-svg-icon avia-font-svg_entypo-fontello' data-av_svg_icon='right-open-big' data-av_iconset='svg_entypo-fontello'><svg version=\"1.1\" xmlns=\"http:\/\/www.w3.org\/2000\/svg\" width=\"15\" height=\"32\" viewBox=\"0 0 15 32\" preserveAspectRatio=\"xMidYMid meet\" role=\"graphics-symbol\" aria-hidden=\"true\">\n<path d=\"M0.416 27.84l11.456-11.84-11.456-11.904q-0.832-0.832 0-1.536 0.832-0.832 1.536 0l12.544 12.608q0.768 0.832 0 1.6l-12.544 12.608q-0.704 0.832-1.536 0-0.832-0.704 0-1.536z\"><\/path>\n<\/svg><\/span><\/a><\/div><\/div><\/div><footer class=\"entry-footer\"><\/footer><span class='hidden'>\n\t\t\t\t<span class='av-structured-data'  itemprop=\"image\" itemscope=\"itemscope\" itemtype=\"https:\/\/schema.org\/ImageObject\" >\n\t\t\t\t\t\t<span itemprop='url'>http:\/\/dev.astrologie.de\/wp-content\/uploads\/2022\/02\/Astrologie_Babylon.jpg<\/span>\n\t\t\t\t\t\t<span itemprop='height'>1080<\/span>\n\t\t\t\t\t\t<span itemprop='width'>1920<\/span>\n\t\t\t\t<\/span>\n\t\t\t\t<span class='av-structured-data'  itemprop=\"publisher\" itemtype=\"https:\/\/schema.org\/Organization\" itemscope=\"itemscope\" >\n\t\t\t\t\t\t<span itemprop='name'>Dr. Christof Niederwieser<\/span>\n\t\t\t\t\t\t<span itemprop='logo' itemscope itemtype='https:\/\/schema.org\/ImageObject'>\n\t\t\t\t\t\t\t<span itemprop='url'>http:\/\/dev.astrologie.deastro-management.com\/wp-content\/uploads\/2020\/04\/astrologie-prognostik-christof-niederwieser-300x83.png<\/span>\n\t\t\t\t\t\t<\/span>\n\t\t\t\t<\/span><span class='av-structured-data'  itemprop=\"author\" itemscope=\"itemscope\" itemtype=\"https:\/\/schema.org\/Person\" ><span itemprop='name'>Dr. Christof Niederwieser<\/span><\/span><span class='av-structured-data'  itemprop=\"datePublished\" datetime=\"2022-05-25T12:02:48+02:00\" >2022-02-13 18:46:57<\/span><span class='av-structured-data'  itemprop=\"dateModified\" itemtype=\"https:\/\/schema.org\/dateModified\" >2022-02-13 18:49:08<\/span><span class='av-structured-data'  itemprop=\"mainEntityOfPage\" itemtype=\"https:\/\/schema.org\/mainEntityOfPage\" ><span itemprop='name'>The History of Ancient Astrology<\/span><\/span><\/span><\/article><article class='slide-entry flex_column  post-entry post-entry-6783 slide-entry-overview slide-loop-2 slide-parity-even  post-entry-last  av_one_third  fake-thumbnail posttype-post post-format-standard'  itemscope=\"itemscope\" itemtype=\"https:\/\/schema.org\/CreativeWork\" ><a href='http:\/\/dev.astrologie.de\/en\/astrological-preview-for-2022\/' data-rel='slide-1' class='slide-image' title='Astrological preview for 2022'><span class='fallback-post-type-icon avia-svg-icon avia-font-svg_entypo-fontello' data-av_svg_icon='pencil' data-av_iconset='svg_entypo-fontello'><svg version=\"1.1\" xmlns=\"http:\/\/www.w3.org\/2000\/svg\" width=\"25\" height=\"32\" viewBox=\"0 0 25 32\" preserveAspectRatio=\"xMidYMid meet\" role=\"graphics-symbol\" aria-hidden=\"true\">\n<path d=\"M22.976 5.44q1.024 1.024 1.504 2.048t0.48 1.536v0.512l-8.064 8.064-9.28 9.216-7.616 1.664 1.6-7.68 9.28-9.216 8.064-8.064q1.728-0.384 4.032 1.92zM7.168 25.92l0.768-0.768q-0.064-1.408-1.664-3.008-0.704-0.704-1.44-1.12t-1.12-0.416l-0.448-0.064-0.704 0.768-0.576 2.56q0.896 0.512 1.472 1.088 0.768 0.768 1.152 1.536z\"><\/path>\n<\/svg><\/span><span class='slider-fallback-image'><img decoding=\"async\" fetchpriority=\"high\" width=\"768\" height=\"220\" src=\"http:\/\/dev.astrologie.de\/wp-content\/uploads\/2022\/02\/Astrologie_Babylon-1500x430.jpg\" class=\"wp-image-6723 avia-img-lazy-loading-not-6723 attachment-featured size-featured wp-post-image\" alt=\"Astrologie in Babylon\" \/><\/span><\/a><div class=\"slide-content\"><header class=\"entry-content-header\" aria-label=\"Slide: Astrological preview for 2022\"><h3 class='slide-entry-title entry-title '  itemprop=\"headline\" ><a href='http:\/\/dev.astrologie.de\/en\/astrological-preview-for-2022\/' title='Astrological preview for 2022'>Astrological preview for 2022<\/a><\/h3><span class=\"av-vertical-delimiter\"><\/span><\/header><div class=\"slide-meta\"><time class='slide-meta-time updated'  itemprop=\"datePublished\" datetime=\"2022-02-07T12:57:17+01:00\" >7. February 2022<\/time><\/div><div class='slide-entry-excerpt entry-content'  itemprop=\"text\" >A turbulent 2021 is coming to an end. And an even more turbulent 2022 is beginning. What major issues and challenges will shape the coming year? And when will Corona finally come to an end?<div class=\"read-more-link\"><a href=\"http:\/\/dev.astrologie.de\/en\/astrological-preview-for-2022\/\" class=\"more-link\">Read more<span class='more-link-arrow avia-svg-icon avia-font-svg_entypo-fontello' data-av_svg_icon='right-open-big' data-av_iconset='svg_entypo-fontello'><svg version=\"1.1\" xmlns=\"http:\/\/www.w3.org\/2000\/svg\" width=\"15\" height=\"32\" viewBox=\"0 0 15 32\" preserveAspectRatio=\"xMidYMid meet\" role=\"graphics-symbol\" aria-hidden=\"true\">\n<path d=\"M0.416 27.84l11.456-11.84-11.456-11.904q-0.832-0.832 0-1.536 0.832-0.832 1.536 0l12.544 12.608q0.768 0.832 0 1.6l-12.544 12.608q-0.704 0.832-1.536 0-0.832-0.704 0-1.536z\"><\/path>\n<\/svg><\/span><\/a><\/div><\/div><\/div><footer class=\"entry-footer\"><\/footer><span class='hidden'>\n\t\t\t\t<span class='av-structured-data'  itemprop=\"image\" itemscope=\"itemscope\" itemtype=\"https:\/\/schema.org\/ImageObject\" >\n\t\t\t\t\t\t<span itemprop='url'>http:\/\/dev.astrologie.deastro-management.com\/wp-content\/uploads\/2020\/04\/astrologie-prognostik-christof-niederwieser-300x83.png<\/span>\n\t\t\t\t\t\t<span itemprop='height'>0<\/span>\n\t\t\t\t\t\t<span itemprop='width'>0<\/span>\n\t\t\t\t<\/span>\n\t\t\t\t<span class='av-structured-data'  itemprop=\"publisher\" itemtype=\"https:\/\/schema.org\/Organization\" itemscope=\"itemscope\" >\n\t\t\t\t\t\t<span itemprop='name'>Dr. Christof Niederwieser<\/span>\n\t\t\t\t\t\t<span itemprop='logo' itemscope itemtype='https:\/\/schema.org\/ImageObject'>\n\t\t\t\t\t\t\t<span itemprop='url'>http:\/\/dev.astrologie.deastro-management.com\/wp-content\/uploads\/2020\/04\/astrologie-prognostik-christof-niederwieser-300x83.png<\/span>\n\t\t\t\t\t\t<\/span>\n\t\t\t\t<\/span><span class='av-structured-data'  itemprop=\"author\" itemscope=\"itemscope\" itemtype=\"https:\/\/schema.org\/Person\" ><span itemprop='name'>Dr. Christof Niederwieser<\/span><\/span><span class='av-structured-data'  itemprop=\"datePublished\" datetime=\"2022-05-25T12:02:48+02:00\" >2022-02-07 12:57:17<\/span><span class='av-structured-data'  itemprop=\"dateModified\" itemtype=\"https:\/\/schema.org\/dateModified\" >2022-02-08 13:04:43<\/span><span class='av-structured-data'  itemprop=\"mainEntityOfPage\" itemtype=\"https:\/\/schema.org\/mainEntityOfPage\" ><span itemprop='name'>Astrological preview for 2022<\/span><\/span><\/span><\/article><\/div><\/div><\/div>\n\n<\/div><\/div><\/div><!-- close content main div --><\/div><\/div>\n<style type=\"text\/css\" data-created_by=\"avia_inline_auto\" id=\"style-css-av-8nmma-6cb199efc9f36163c2d2947363edea8c\">\n.avia-section.av-8nmma-6cb199efc9f36163c2d2947363edea8c{\nbackground-color:#f8f8f8;\nbackground-image:unset;\n}\n<\/style>\n<div id='av_section_2'  class='avia-section av-8nmma-6cb199efc9f36163c2d2947363edea8c main_color avia-section-default avia-no-border-styling  avia-builder-el-4  el_after_av_section  el_before_av_section  avia-bg-style-scroll container_wrap sidebar_right'  ><div class='container av-section-cont-open' ><div class='template-page content  av-content-small alpha units'><div class='post-entry post-entry-type-page post-entry-8096'><div class='entry-content-wrapper clearfix'>\n\n<style type=\"text\/css\" data-created_by=\"avia_inline_auto\" id=\"style-css-av-kzpbliv5-9ae1e2dc7f2e8bb7e2990a78e53b99a4\">\n#top .av-special-heading.av-kzpbliv5-9ae1e2dc7f2e8bb7e2990a78e53b99a4{\npadding-bottom:10px;\n}\nbody .av-special-heading.av-kzpbliv5-9ae1e2dc7f2e8bb7e2990a78e53b99a4 .av-special-heading-tag .heading-char{\nfont-size:25px;\n}\n.av-special-heading.av-kzpbliv5-9ae1e2dc7f2e8bb7e2990a78e53b99a4 .av-subheading{\nfont-size:15px;\n}\n<\/style>\n<div  class='av-special-heading av-kzpbliv5-9ae1e2dc7f2e8bb7e2990a78e53b99a4 av-special-heading-h2 blockquote modern-quote modern-centered  avia-builder-el-5  el_before_av_textblock  avia-builder-el-first '><h2 class='av-special-heading-tag '  itemprop=\"headline\"  >Astrologie der Luft-Epoche<\/h2><div class=\"special-heading-border\"><div class=\"special-heading-inner-border\"><\/div><\/div><\/div>\n<section  class='av_textblock_section av-kzpc36q1-ef216c77a74f15cafb6c2686dd36eb8e '   itemscope=\"itemscope\" itemtype=\"https:\/\/schema.org\/CreativeWork\" ><div class='avia_textblock'  itemprop=\"text\" ><p>Astrologie ist ein faszinierender Erkenntnisweg und gibt den Menschen seit Urzeiten Orientierung in Raum und Zeit. Sie ist die \u00e4lteste Systemtheorie der Menschheit und basiert auf einem vernetzten Symboldenken. Mit dem Beginn der Luft-Epoche, dem Wechsel von der materialistischen Konsumgesellschaft (1800 &#8211; 2020) zu einer geistig orientierten Wissensgesellschaft (2020 &#8211; 2150), ist dieses vernetzte Symboldenken wieder enorm wichtig geworden. Das Horoskop hilft, in der Informations\u00fcberflutung der Postmoderne einen klaren \u00dcberblick zu bewahren. Und es zeigt uns in der zunehmenden Unberechenbarkeit des Daseins, wie wir unseren individuellen Weg finden und ein erf\u00fcllendes Leben f\u00fchren k\u00f6nnen.<\/p>\n<p>Auf dieser Seite gibt der bekannte Astrologe und Prognostik-Experte Dr. Christof Niederwieser Einblicke in seine jahrzehntelange Arbeit.\u00a0Du findest hier zahlreiche Artikel und Angebote rund um Astrologie: pers\u00f6nliche Horoskope, spannende Online-Seminare, mundanastrologische Vorhersagen zu den kommenden weltweiten Entwicklungen, Hintergr\u00fcnde \u00fcber die Geschichte der Astrologie und sogar eine ganz neue, innovative Astrologie-Software, mit der Du auch komplexe Zusammenh\u00e4nge zwischen einer Vielzahl von Horoskopen analysieren kannst.<\/p>\n<\/div><\/section>\n\n<\/div><\/div><\/div><!-- close content main div --><\/div><\/div>\n<style type=\"text\/css\" data-created_by=\"avia_inline_auto\" id=\"style-css-av-3bol1u-fb75cce7f8c9250da045c835cd999575\">\n.avia-section.av-3bol1u-fb75cce7f8c9250da045c835cd999575{\nbackground-color:#ffffff;\nbackground-image:unset;\n}\n<\/style>\n<div id='av_section_3'  class='avia-section av-3bol1u-fb75cce7f8c9250da045c835cd999575 main_color avia-section-small avia-no-border-styling  avia-builder-el-7  el_after_av_section  el_before_av_section  avia-bg-style-scroll container_wrap sidebar_right'  ><div class='container av-section-cont-open' ><div class='template-page content  av-content-small alpha units'><div class='post-entry post-entry-type-page post-entry-8096'><div class='entry-content-wrapper clearfix'>\n\n<style type=\"text\/css\" data-created_by=\"avia_inline_auto\" id=\"style-css-av-h2fuq-721635c83f2e92cb4160e1a328c5693d\">\n#top .hr.av-h2fuq-721635c83f2e92cb4160e1a328c5693d{\nmargin-top:30px;\nmargin-bottom:30px;\n}\n.hr.av-h2fuq-721635c83f2e92cb4160e1a328c5693d .hr-inner{\nwidth:32%;\n}\n<\/style>\n<div  class='hr av-h2fuq-721635c83f2e92cb4160e1a328c5693d hr-custom  avia-builder-el-8  el_before_av_heading  avia-builder-el-first  hr-circle hr-center hr-icon-no'><span class='hr-inner inner-border-av-border-thin'><span class=\"hr-inner-style\"><\/span><\/span><\/div>\n\n<style type=\"text\/css\" data-created_by=\"avia_inline_auto\" id=\"style-css-av-3ad036-52239fb9a5fd84de17c54c89d72811d2\">\n#top .av-special-heading.av-3ad036-52239fb9a5fd84de17c54c89d72811d2{\npadding-bottom:20px;\n}\nbody .av-special-heading.av-3ad036-52239fb9a5fd84de17c54c89d72811d2 .av-special-heading-tag .heading-char{\nfont-size:25px;\n}\n.av-special-heading.av-3ad036-52239fb9a5fd84de17c54c89d72811d2 .av-subheading{\nfont-size:15px;\n}\n<\/style>\n<div  class='av-special-heading av-3ad036-52239fb9a5fd84de17c54c89d72811d2 av-special-heading-h2 blockquote modern-quote modern-centered  avia-builder-el-9  el_after_av_hr  el_before_av_productlist '><h2 class='av-special-heading-tag '  itemprop=\"headline\"  >Online-Seminare<\/h2><div class=\"special-heading-border\"><div class=\"special-heading-inner-border\"><\/div><\/div><\/div>\n<div  class='avia-product-slider-container av-kzcuqax2-b0a3ded0f63c9365199c33341f0ab62b av_fullwidth flex_column av-catalogue-column  avia-builder-el-10  el_after_av_heading  el_before_av_hr  av-slideshow-ui av-slider-hover-pause av-slideshow-manual av-loop-once av-loop-manual-endless first avia-product-slider1'><div class=\"av-catalogue-container av-catalogue-container-woo\"><ul class=\"av-catalogue-list\"><li><a  href=\"http:\/\/dev.astrologie.de\/en\/produkt\/the-group-horoscope-in-practice\/\" data-product_id=\"13922\" data-product_sku=\"2110\" class=\"av-catalogue-item  product_type_simple product-nr-1\"><img decoding=\"async\" loading=\"lazy\" width=\"180\" height=\"180\" src=\"http:\/\/dev.astrologie.de\/wp-content\/uploads\/2020\/03\/Online-Seminar-Gruppenhoroskop-180x180.jpg\" class=\"wp-image-6822 avia-img-lazy-loading-6822 av-catalogue-image av-cart-update-image av-catalogue-image-yes wp-post-image\" alt=\"\" srcset=\"http:\/\/dev.astrologie.de\/wp-content\/uploads\/2020\/03\/Online-Seminar-Gruppenhoroskop-180x180.jpg 180w, http:\/\/dev.astrologie.de\/wp-content\/uploads\/2020\/03\/Online-Seminar-Gruppenhoroskop-100x100.jpg 100w, http:\/\/dev.astrologie.de\/wp-content\/uploads\/2020\/03\/Online-Seminar-Gruppenhoroskop-80x80.jpg 80w, http:\/\/dev.astrologie.de\/wp-content\/uploads\/2020\/03\/Online-Seminar-Gruppenhoroskop-36x36.jpg 36w\" sizes=\"auto, (max-width: 180px) 100vw, 180px\" \/><div class=\"av-catalogue-item-inner\"><div class=\"av-catalogue-title-container\"><div class='av-catalogue-title av-cart-update-title'>The group horoscope in practice<\/div><div class='av-catalogue-price av-cart-update-price'><span class=\"woocommerce-Price-amount amount\"><bdi>290,00&nbsp;<span class=\"woocommerce-Price-currencySymbol\">&euro;<\/span><\/bdi><\/span><\/div><\/div><div class='av-catalogue-content'>Online-Seminar 28.03. - 02.05.2022\r\nDas innovative Gruppenhoroskop f\u00fcr die Analyse ganzer Familien, Teams und anderer Gruppen<\/div><\/div><\/a><\/li><\/ul><\/div><\/div>\n\n<style type=\"text\/css\" data-created_by=\"avia_inline_auto\" id=\"style-css-av-aq7sy-8b2235d60b20a7d39ddfe93f9ce0128d\">\n#top .hr.av-aq7sy-8b2235d60b20a7d39ddfe93f9ce0128d{\nmargin-top:30px;\nmargin-bottom:30px;\n}\n.hr.av-aq7sy-8b2235d60b20a7d39ddfe93f9ce0128d .hr-inner{\nwidth:32%;\n}\n<\/style>\n<div  class='hr av-aq7sy-8b2235d60b20a7d39ddfe93f9ce0128d hr-custom  hr-circle hr-center hr-icon-no'><span class='hr-inner inner-border-av-border-thin'><span class=\"hr-inner-style\"><\/span><\/span><\/div>\n\n<\/div><\/div><\/div><!-- close content main div --><\/div><\/div>\n<style type=\"text\/css\" data-created_by=\"avia_inline_auto\" id=\"style-css-av-42sn62-3cdeac17f6e9a09c68982369aecbb260\">\n.avia-section.av-42sn62-3cdeac17f6e9a09c68982369aecbb260{\nbackground-color:#f8f8f8;\nbackground-image:unset;\n}\n<\/style>\n<div id='av_section_4'  class='avia-section av-42sn62-3cdeac17f6e9a09c68982369aecbb260 main_color avia-section-large avia-no-border-styling avia-bg-style-scroll container_wrap sidebar_right'  ><div class='container av-section-cont-open' ><div class='template-page content  av-content-small alpha units'><div class='post-entry post-entry-type-page post-entry-8096'><div class='entry-content-wrapper clearfix'>\n\n<style type=\"text\/css\" data-created_by=\"avia_inline_auto\" id=\"style-css-av-3whgxe-484a9b580a0cfef53473bb0bee75dad5\">\n#top .av-special-heading.av-3whgxe-484a9b580a0cfef53473bb0bee75dad5{\npadding-bottom:20px;\n}\nbody .av-special-heading.av-3whgxe-484a9b580a0cfef53473bb0bee75dad5 .av-special-heading-tag .heading-char{\nfont-size:25px;\n}\n.av-special-heading.av-3whgxe-484a9b580a0cfef53473bb0bee75dad5 .av-subheading{\nfont-size:15px;\n}\n<\/style>\n<div  class='av-special-heading av-3whgxe-484a9b580a0cfef53473bb0bee75dad5 av-special-heading-h2 blockquote modern-quote modern-centered'><h2 class='av-special-heading-tag '  itemprop=\"headline\"  >DAS ZUKUNFTS-DOSSIER ZUR CORONA-KRISE ANFORDERN<\/h2><div class=\"special-heading-border\"><div class=\"special-heading-inner-border\"><\/div><\/div><\/div>\n<section  class='av_textblock_section av-3pxley-5049bf1f23e6be0297c0e3be6a4f242c '   itemscope=\"itemscope\" itemtype=\"https:\/\/schema.org\/CreativeWork\" ><div class='avia_textblock'  itemprop=\"text\" ><p>Der gro\u00dfe Systembruch, welchen ich seit Jahren in zahlreichen Vortr\u00e4gen und Fachartikeln prognostiziert habe, ist mit der Corona-Krise in vollem Gange. Gerade jetzt ist es wichtig, einen klaren Kopf zu bewahren und einen \u00dcberblick \u00fcber die gro\u00dfen Entwicklungen der kommenden Jahre zu haben.<\/p>\n<p>Die Krise zieht sich durch fast alle Lebensbereiche und wird bis etwa 2025 andauern. Wenn die gesundheitliche Seite der Krise endlich \u00fcberstanden ist und Themen wie Inzidenz, Masken, Impfung immer mehr in den Hintergrund geraten, dann beginnt die wirtschaftliche Krise mit Inflation, Rohstoffknappheit und \u00f6konomisch motivierten Konflikten. Der Umbau unseres Gesellschaftssystems von der alten Erd-Epoche in die neue Luft-Epoche hat begonnen.<\/p>\n<p>Umso wichtiger ist es, sich jetzt einen langfristigen Plan f\u00fcr die eigene berufliche Zukunft zu machen. Das beste Werkzeug daf\u00fcr ist das Horoskop. Denn die gro\u00dfen Zyklen der Astrologie offenbaren Entwicklungslinien und Zukunftszusammenh\u00e4nge, welche mit herk\u00f6mmlichen Planungsinstrumenten verborgen bleiben.<\/p>\n<p>F\u00fcr die erste Orientierung habe ich ein Dossier f\u00fcr Sie zusammengestellt mit meinen ausgew\u00e4hlten Fachartikeln zum Thema. Dieses bietet bereits einen guten \u00dcberblick \u00fcber die aktuellen und kommenden Entwicklungen auf kollektiver Ebene. Weitere Informationen zur Lage in Form von Videos und Artikeln finden Sie auf dieser Website und auf meinem Youtube-Kanal. Das Dossier sende ich Ihnen auf Anfrage gerne kostenfrei zu:<\/p>\n<\/div><\/section>\n<div  class='avia-button-wrap av-3l57ea-d0dd05d6b3a133b31a1b4e93b254c1be-wrap avia-button-center '>\n<style type=\"text\/css\" data-created_by=\"avia_inline_auto\" id=\"style-css-av-3l57ea-d0dd05d6b3a133b31a1b4e93b254c1be\">\n#top #wrap_all .avia-button.av-3l57ea-d0dd05d6b3a133b31a1b4e93b254c1be{\nborder-radius:0 0 0 0;\ntransition:all 0.4s ease-in-out;\n}\n#top #wrap_all.avia-button.av-3l57ea-d0dd05d6b3a133b31a1b4e93b254c1be:hover .avia_button_background{\nborder-radius:0 0 0 0;\n}\n<\/style>\n<a href='http:\/\/dev.astrologie.de\/en\/future-dossier\/'  class='avia-button av-3l57ea-d0dd05d6b3a133b31a1b4e93b254c1be av-link-btn avia-icon_select-no avia-size-large avia-position-center av-icon-on-hover avia-color-theme-color'   aria-label=\"Zum Zukunftsdossier\"><span class='avia_iconbox_title' >Zum Zukunftsdossier<\/span><\/a><\/div>\n<\/div><\/div><\/div><!-- close content main div --><\/div><\/div><div id='after_section_4'  class='main_color av_default_container_wrap container_wrap sidebar_right'  ><div class='container av-section-cont-open' ><div class='template-page content  av-content-small alpha units'><div class='post-entry post-entry-type-page post-entry-8096'><div class='entry-content-wrapper clearfix'>\n","protected":false},"excerpt":{"rendered":"","protected":false},"author":211,"featured_media":0,"parent":0,"menu_order":37,"comment_status":"closed","ping_status":"open","template":"","meta":{"footnotes":""},"class_list":["post-8096","page","type-page","status-publish","hentry"],"_links":{"self":[{"href":"http:\/\/dev.astrologie.de\/en\/wp-json\/wp\/v2\/pages\/8096","targetHints":{"allow":["GET"]}}],"collection":[{"href":"http:\/\/dev.astrologie.de\/en\/wp-json\/wp\/v2\/pages"}],"about":[{"href":"http:\/\/dev.astrologie.de\/en\/wp-json\/wp\/v2\/types\/page"}],"author":[{"embeddable":true,"href":"http:\/\/dev.astrologie.de\/en\/wp-json\/wp\/v2\/users\/211"}],"replies":[{"embeddable":true,"href":"http:\/\/dev.astrologie.de\/en\/wp-json\/wp\/v2\/comments?post=8096"}],"version-history":[{"count":2,"href":"http:\/\/dev.astrologie.de\/en\/wp-json\/wp\/v2\/pages\/8096\/revisions"}],"predecessor-version":[{"id":8098,"href":"http:\/\/dev.astrologie.de\/en\/wp-json\/wp\/v2\/pages\/8096\/revisions\/8098"}],"wp:attachment":[{"href":"http:\/\/dev.astrologie.de\/en\/wp-json\/wp\/v2\/media?parent=8096"}],"curies":[{"name":"wp","href":"https:\/\/api.w.org\/{rel}","templated":true}]}}